{"id":8101,"date":"2021-04-08T17:57:54","date_gmt":"2021-04-08T15:57:54","guid":{"rendered":"https:\/\/www.suezo.it\/?page_id=8101"},"modified":"2026-05-07T12:23:35","modified_gmt":"2026-05-07T10:23:35","slug":"calendario","status":"publish","type":"page","link":"https:\/\/www.suezo.it\/en\/detour\/calendario","title":{"rendered":"Programme"},"content":{"rendered":"<p style=\"text-align: center;\"><strong><a href=\"https:\/\/i0.wp.com\/www.suezo.it\/wp-content\/uploads\/2021\/04\/SueZo_wall_detour_web.jpg?ssl=1\"><img data-recalc-dims=\"1\" loading=\"lazy\" decoding=\"async\" class=\"aligncenter size-large wp-image-8135\" src=\"https:\/\/i0.wp.com\/www.suezo.it\/wp-content\/uploads\/2021\/04\/SueZo_wall_detour_web.jpg?resize=584%2C250&#038;ssl=1\" alt=\"\" width=\"584\" height=\"250\" srcset=\"https:\/\/i0.wp.com\/www.suezo.it\/wp-content\/uploads\/2021\/04\/SueZo_wall_detour_web.jpg?resize=1024%2C439&amp;ssl=1 1024w, https:\/\/i0.wp.com\/www.suezo.it\/wp-content\/uploads\/2021\/04\/SueZo_wall_detour_web.jpg?resize=300%2C129&amp;ssl=1 300w, https:\/\/i0.wp.com\/www.suezo.it\/wp-content\/uploads\/2021\/04\/SueZo_wall_detour_web.jpg?resize=768%2C330&amp;ssl=1 768w, https:\/\/i0.wp.com\/www.suezo.it\/wp-content\/uploads\/2021\/04\/SueZo_wall_detour_web.jpg?resize=500%2C215&amp;ssl=1 500w, https:\/\/i0.wp.com\/www.suezo.it\/wp-content\/uploads\/2021\/04\/SueZo_wall_detour_web.jpg?resize=351%2C151&amp;ssl=1 351w, https:\/\/i0.wp.com\/www.suezo.it\/wp-content\/uploads\/2021\/04\/SueZo_wall_detour_web.jpg?resize=178%2C76&amp;ssl=1 178w, https:\/\/i0.wp.com\/www.suezo.it\/wp-content\/uploads\/2021\/04\/SueZo_wall_detour_web.jpg?w=1020&amp;ssl=1 1020w\" sizes=\"(max-width: 584px) 100vw, 584px\" \/><\/a><a href=\"https:\/\/www.suezo.it\/detour\">Su e Zo Detour<\/a>\u00a0 \u2022\u00a0 <a href=\"https:\/\/www.suezo.it\/detour\/informazioni\">informazioni\u00a0\u00a0<\/a>\u2022\u00a0 calendario\u00a0\u00a0\u2022\u00a0 <a href=\"https:\/\/www.suezo.it\/detour\/prenotazioni\">prenotazioni<\/a><\/strong><\/p>\n<hr \/>\n<h1><a name=\"calendario\"><\/a>itinerari \u201cSU E ZO DETOUR\u201d 2026<\/h1>\n<ul>\n<li><strong>Domenica 31 Maggio 2026 &#8211; Anteprima Su e Zo Detour 2026<br \/>\n<em>TUTTO ESAURITO!<\/em><\/strong><br \/>\n<a href=\"#Anteprima\"><em>Detour in barca nella laguna di Venezia<br \/>\nofferto dall\u2019Autorit\u00e0 di Sistema Portuale del Mare Adriatico Settentrionale<\/em><\/a><\/li>\n<li><strong>Domenica 27 Settembre 206<br \/>\n<\/strong><a href=\"#SanPolo_SanMarco\"><em>Pellegrinaggi a Venezia: da SAN POLO a SAN MARCO<\/em><\/a><\/li>\n<li><strong>Domenica 18 Ottobre 2026<\/strong><br \/>\n<a href=\"#Cannaregio_Castello\"><em>Pellegrinaggi a Venezia: da CANNAREGIO a CASTELLO<\/em><\/a><\/li>\n<li><strong>Domenica 22 Novembre 2026<\/strong><br \/>\n<a href=\"#SantaCroce_Dorsoduro\"><em>Pellegrinaggi a Venezia: da SANTA CROCE a DORSODURO<\/em><\/a><\/li>\n<\/ul>\n<p>Orario e luogo di ritrovo:<br \/>\nore 10.00, piazzale della Stazione Ferroviaria di Venezia S. Lucia.<\/p>\n<p><em>il calendario \u00e8 suscettibile di modifiche, cancellazioni e integrazioni.<\/em><\/p>\n<hr \/>\n<p><a name=\"Anteprima\"><\/a><strong>31 Maggio 2026 &#8211; Anteprima Su e Zo Detour 2026<br \/>\n<\/strong><strong>Detour in barca nella laguna di Venezia<\/strong><br \/>\n<em>offerto dall\u2019Autorit\u00e0 di Sistema Portuale del Mare Adriatico Settentrionale.<br \/>\n<\/em><\/p>\n<p>Venezia non \u00e8 solo una citt\u00e0 d\u2019arte, \u00e8 un crocevia di energie e ingegno che per secoli ha dettato i ritmi del commercio mondiale. In questo Detour speciale abbandoneremo i sentieri battuti per solcare le acque che raccontano l\u2019evoluzione del volto produttivo della Serenissima: un viaggio a ritroso nel tempo, partendo dalla modernit\u00e0 industriale per approdare al cuore leggendario della sua potenza navale.<\/p>\n<p><strong>L&#8217;Itinerario: una rotta nel tempo<\/strong><\/p>\n<ul>\n<li><strong>Le banchine della trasformazione: Santa Marta e San Basilio<br \/>\n<\/strong>Il nostro viaggio comincia dove la Venezia marittima ha cambiato pelle, trasformando i luoghi del lavoro industriale in spazi di studio e innovazione. Sfioreremo le banchine di <strong>Santa Marta<\/strong> e <strong>San Basilio<\/strong>, dove l\u2019imponente mole dell\u2019ex Cotonificio Veneziano e i vicini Magazzini non ospitano pi\u00f9 merci e macchinari, ma sono stati riconvertiti in moderne aule universitarie per<strong> IUAV <\/strong>e <strong>Ca&#8217; Foscari<\/strong>. In questo contesto di rinascita urbana, osserveremo anche il Fabbricato 13, cuore amministrativo e sede dell\u2019<strong>Autorit\u00e0 di Sistema Portuale del Mare Adriatico Settentrionale<\/strong>, e la stazione marittima di <strong>Venezia Terminal Passeggeri<\/strong>, testimoni di come la gestione della portualit\u00e0 si sia evoluta nel tempo.<\/li>\n<li><strong>La rotta della memoria: il canale della Giudecca<br \/>\n<\/strong>Lasciandoci alle spalle le aree della trasformazione moderna, la nostra prua punter\u00e0 verso est. In questo tratto il racconto si far\u00e0 pi\u00f9 fitto: navigando lungo il canale della <strong>Giudecca<\/strong>, ripercorreremo le rotte delle antiche galee cariche di spezie e tessuti preziosi. Vedremo la citt\u00e0 cambiare volto sotto i nostri occhi, mentre l&#8217;<strong>architettura industriale<\/strong> lascia spazio ai profili monumentali del<strong> bacino di San Marco<\/strong>, scenografia di una citt\u00e0 che viveva di scambi, magazzini e dogane.<\/li>\n<li><strong>L&#8217;Arsenale: tra eredit\u00e0 storica e nuove visioni<br \/>\n<\/strong>Il culmine del Detour ci porter\u00e0 all\u2019<strong>Arsenale di Venezia<\/strong>. Se oggi lo conosciamo come sede prestigiosa della <strong>Marina Militare<\/strong>, della <strong>Biennale<\/strong> e di importanti enti di ricerca, per secoli questo luogo \u00e8 stato il cuore del potere navale della Serenissima, capace di produrre una flotta con ritmi da catena di montaggio ante-litteram. Esploreremo visivamente gli spazi di questa straordinaria risignificazione: dove un tempo si batteva il ferro e si intrecciavano le gomene, oggi fioriscono l&#8217;arte, la scienza e la cultura del mare, in un contesto di continuo recupero e valorizzazione.<\/li>\n<\/ul>\n<p><strong>Un finale d\u2019eccezione<\/strong><\/p>\n<p>Il nostro Detour si concluder\u00e0 nel modo pi\u00f9 spettacolare possibile: approderemo in Arsenale proprio durante la giornata conclusiva del <strong>Salone Nautico di Venezia<\/strong>. Sar\u00e0 l&#8217;occasione perfetta per vedere come la tradizione millenaria della cantieristica veneziana dialoghi con le pi\u00f9 moderne imbarcazioni ecosostenibili, chiudendo il cerchio tra la gloria del passato e le sfide del futuro.<\/p>\n<p><strong>Programma<\/strong><\/p>\n<ul>\n<li><strong>Ore 10.00 | Ritrovo:<\/strong> Venezia, Stazione Ferroviaria. Verifica presenze e trasferimento all&#8217;imbarcadero (Ponte della Costituzione).<\/li>\n<li><strong>In navigazione | Il Percorso:<\/strong> Un itinerario esclusivo che, partendo dal Bacino di Marittima, con uno sguardo al Canale Vittorio Emanuele III, toccher\u00e0 le aree di San Basilio, Santa Marta e l\u2019isola della Giudecca industriale con l&#8217;imponente Mulino Stucky, proseguendo verso i Magazzini del Sale e Punta della Dogana; la navigazione attraverser\u00e0 il Bacino di San Marco per poi dirigersi verso l\u2019Arsenale, il Lazzaretto Vecchio e la Bocca di Porto di Lido, approdando infine all\u2019Arsenale Porta Nuova.<\/li>\n<li><strong>Ore 12.00 | Salone Nautico:<\/strong> Arrivo previsto al pontile \u201cArsenale Torre di Porta Nuova\u201d e conclusione dell&#8217;evento presso lo stand dell&#8217;Autorit\u00e0 di Sistema Portuale del Mare Adriatico Settentrionale. A seguire i partecipanti potranno proseguire liberamente la visita all&#8217;interno dell&#8217;area espositiva.<\/li>\n<li>Terminata la visita al Salone Nautico, il rientro avverr\u00e0 in autonomia verso le rispettive sedi: non \u00e8 previsto il servizio di trasporto in barca per il ritorno alla stazione ferroviaria.<\/li>\n<\/ul>\n<p><em>Il Su e Zo Detour in Barca \u00e8 promosso dall\u2019Autorit\u00e0 di Sistema Portuale del Mare Adriatico Settentrionale nell\u2019ambito dei Progetti REMEMBER (Restoring the Memory of Adriatic port sites. Maritime culture to foster Balanced territorial growth) e ADRIJOROUTES (Promoting sustainable solutions for maritime cultural tourism), finanziati rispettivamente dal Programma Interreg Italia-Croazia 2014-2020 e 2021-2027.<\/em><\/p>\n<p style=\"text-align: right;\"><a href=\"https:\/\/www.suezo.it\/it\/detour\/prenotazioni\"><strong><em>[prenota ora!] <\/em><\/strong><\/a><a href=\"#calendario\"><em>[ritorna al calendario]<\/em><\/a><\/p>\n<hr \/>\n<p><strong>Settembre\/Novembre 2026 &#8211; Su e Zo Detour 2026:<\/strong><br \/>\n<strong>\u201cGiochi Serenissimi: Tra regate, racchette e acrobazie, la Venezia in gioco<\/strong><strong>\u201d<\/strong><br \/>\n<em>a cura del Servizio Turismo Sostenibile della Citt\u00e0 di Venezia<br \/>\nnell\u2019ambito dell\u2019Olimpiade Culturale Milano Cortina 2026<br \/>\n<\/em><em>in collaborazione con la Cooperativa Guide Turistiche Autorizzate di Venezia<\/em><\/p>\n<p>Pensate a Venezia non soltanto come citt\u00e0 di palazzi e canali, ma come un grande campo da gioco a cielo aperto. \u00c8 la Venezia dei tornei e delle feste popolari, delle competizioni agonistiche e degli spettacoli pubblici, nella quale per secoli l\u2019esercizio fisico e il gioco hanno rappresentato una forma essenziale di espressione collettiva. Dalle gare di voga alle sfide tra \u201ccastellani\u201d e \u201cnicolotti\u201d, dalle cacce ai tori alle acrobazie in piazza e sull\u2019acqua, la citt\u00e0 metteva in scena prove di destrezza, forza, ingegno e spirito di squadra: veri e propri riti condivisi, capaci di rafforzare il senso di comunit\u00e0 e appartenenza.<\/p>\n<p><a name=\"SanPolo_SanMarco\"><\/a><strong>27 Settembre 2026<br \/>\n<\/strong><strong>Giochi Serenissimi: da SAN POLO a SAN MARCO<br \/>\n<\/strong><em>Tutti i dettagli in arrivo!<\/em><\/p>\n<p style=\"text-align: right;\"><a href=\"https:\/\/www.suezo.it\/it\/detour\/prenotazioni\"><strong><em>[prenota ora!] <\/em><\/strong><\/a><a href=\"#calendario\"><em>[ritorna al calendario]<\/em><\/a><\/p>\n<p><a name=\"Cannaregio_Castello\"><\/a><strong>18 Ottobre 2026<\/strong><br \/>\n<strong>Giochi Serenissimi: da CANNAREGIO a CASTELLO<br \/>\n<\/strong><em>Tutti i dettagli in arrivo!<\/em><strong><br \/>\n<\/strong><\/p>\n<p style=\"text-align: right;\"><a href=\"https:\/\/www.suezo.it\/it\/detour\/prenotazioni\"><strong><em>[prenota ora!] <\/em><\/strong><\/a><a href=\"#calendario\"><em>[ritorna al calendario]<\/em><\/a><\/p>\n<p><a name=\"SantaCroce_Dorsoduro\"><\/a><strong>22 Novembre 2026<\/strong><br \/>\n<strong>Giochi Serenissimi: da SANTA CROCE a DORSODURO<br \/>\n<\/strong><em>Tutti i dettagli in arrivo!<\/em><\/p>\n<p style=\"text-align: right;\"><a href=\"https:\/\/www.suezo.it\/it\/detour\/prenotazioni\"><strong><em>[prenota ora!] <\/em><\/strong><\/a><a href=\"#calendario\"><em>[ritorna al calendario]<\/em><\/a><\/p>\n<hr \/>\n<p>Per maggiori informazioni<\/p>\n<p><strong>SEGRETERIA SU E ZO PER I PONTI<\/strong><br \/>\nT.G.S. Eurogroup &#8211; Via Marconi, 22 &#8211; 31021 Mogliano Veneto (TV)<br \/>\nTel.\/fax +39.041.5904717 &#8211; fax +39.041.5906702<br \/>\ne-mail: <a href=\"mailto:info@suezoperiponti.it\" target=\"_blank\" rel=\"noopener\">info@suezoperiponti.it<\/a><\/p>\n<hr \/>\n<p style=\"text-align: center;\"><strong><a href=\"https:\/\/www.suezo.it\/detour\">Su e Zo Detour<\/a>\u00a0 \u2022\u00a0 <a href=\"https:\/\/www.suezo.it\/detour\/informazioni\">informazioni\u00a0\u00a0<\/a>\u2022\u00a0 calendario\u00a0\u00a0\u2022\u00a0 <a href=\"https:\/\/www.suezo.it\/detour\/prenotazioni\">prenotazioni<\/a><\/strong><\/p>\n","protected":false},"excerpt":{"rendered":"<p>Su e Zo Detour\u00a0 \u2022\u00a0 informazioni\u00a0\u00a0\u2022\u00a0 calendario\u00a0\u00a0\u2022\u00a0 prenotazioni itinerari \u201cSU E ZO DETOUR\u201d 2026 Domenica 31 Maggio 2026 &#8211; Anteprima Su e Zo Detour 2026 TUTTO ESAURITO! Detour in barca nella laguna di Venezia offerto dall\u2019Autorit\u00e0 di Sistema Portuale del &hellip; <a href=\"https:\/\/www.suezo.it\/en\/detour\/calendario\">Continue reading <span class=\"meta-nav\">&rarr;<\/span><\/a><\/p>\n","protected":false},"author":13,"featured_media":0,"parent":8093,"menu_order":0,"comment_status":"closed","ping_status":"closed","template":"","meta":{"jetpack_post_was_ever_published":false,"footnotes":""},"class_list":["post-8101","page","type-page","status-publish","hentry"],"aioseo_notices":[],"jetpack_shortlink":"https:\/\/wp.me\/P50lBT-26F","jetpack_sharing_enabled":true,"_links":{"self":[{"href":"https:\/\/www.suezo.it\/en\/wp-json\/wp\/v2\/pages\/8101"}],"collection":[{"href":"https:\/\/www.suezo.it\/en\/wp-json\/wp\/v2\/pages"}],"about":[{"href":"https:\/\/www.suezo.it\/en\/wp-json\/wp\/v2\/types\/page"}],"author":[{"embeddable":true,"href":"https:\/\/www.suezo.it\/en\/wp-json\/wp\/v2\/users\/13"}],"replies":[{"embeddable":true,"href":"https:\/\/www.suezo.it\/en\/wp-json\/wp\/v2\/comments?post=8101"}],"version-history":[{"count":88,"href":"https:\/\/www.suezo.it\/en\/wp-json\/wp\/v2\/pages\/8101\/revisions"}],"predecessor-version":[{"id":11985,"href":"https:\/\/www.suezo.it\/en\/wp-json\/wp\/v2\/pages\/8101\/revisions\/11985"}],"up":[{"embeddable":true,"href":"https:\/\/www.suezo.it\/en\/wp-json\/wp\/v2\/pages\/8093"}],"wp:attachment":[{"href":"https:\/\/www.suezo.it\/en\/wp-json\/wp\/v2\/media?parent=8101"}],"curies":[{"name":"wp","href":"https:\/\/api.w.org\/{rel}","templated":true}]}}